{"id":1526,"date":"2026-01-21T14:08:38","date_gmt":"2026-01-21T14:08:38","guid":{"rendered":"https:\/\/aviator.africa\/?page_id=1526"},"modified":"2026-01-27T09:40:05","modified_gmt":"2026-01-27T09:40:05","slug":"aviator-game-app-download","status":"publish","type":"page","link":"https:\/\/aviator.africa\/fr-ci\/aviator-game-app-download\/","title":{"rendered":"Aviator t\u00e9l\u00e9charger"},"content":{"rendered":"","protected":false},"excerpt":{"rendered":"","protected":false},"author":1,"featured_media":0,"parent":0,"menu_order":0,"comment_status":"closed","ping_status":"closed","template":"views\/page-home.php","meta":{"footnotes":""},"class_list":["post-1526","page","type-page","status-publish","hentry"],"acf":[],"yoast_head":"<!-- This site is optimized with the Yoast SEO plugin v24.6 - https:\/\/yoast.com\/wordpress\/plugins\/seo\/ -->\n<title>Aviator t\u00e9l\u00e9charger | Installation Rapide \u261b Jouez XOF<\/title>\n<meta name=\"description\" content=\"Faites Aviator t\u00e9l\u00e9charger \u21d2 T\u00e9l\u00e9chargement s\u00e9curis\u00e9, jeu rapide &amp; paiements XOF \u1409 Lancez-vous maintenant et jouez en C\u00f4te d\u2019Ivoire !\" \/>\n<meta name=\"robots\" content=\"index, follow, max-snippet:-1, max-image-preview:large, max-video-preview:-1\" \/>\n<link rel=\"canonical\" href=\"https:\/\/aviator.africa\/fr-ci\/aviator-game-app-download\/\" \/>\n<meta property=\"og:locale\" content=\"fr_FR\" \/>\n<meta property=\"og:type\" content=\"article\" \/>\n<meta property=\"og:url\" content=\"https:\/\/aviator.africa\/fr-ci\/aviator-game-app-download\/\" \/>\n<meta property=\"og:site_name\" content=\"aviator\" \/>\n<meta property=\"article:modified_time\" content=\"2026-01-27T09:40:05+00:00\" \/>\n<meta name=\"twitter:card\" content=\"summary_large_image\" \/>\n<!-- \/ Yoast SEO plugin. -->","yoast_head_json":{"title":"Aviator t\u00e9l\u00e9charger | Installation Rapide \u261b Jouez XOF","description":"Faites Aviator t\u00e9l\u00e9charger \u21d2 T\u00e9l\u00e9chargement s\u00e9curis\u00e9, jeu rapide & paiements XOF \u1409 Lancez-vous maintenant et jouez en C\u00f4te d\u2019Ivoire !","robots":{"index":"index","follow":"follow","max-snippet":"max-snippet:-1","max-image-preview":"max-image-preview:large","max-video-preview":"max-video-preview:-1"},"canonical":"https:\/\/aviator.africa\/fr-ci\/aviator-game-app-download\/","og_locale":"fr_FR","og_type":"article","og_url":"https:\/\/aviator.africa\/fr-ci\/aviator-game-app-download\/","og_site_name":"aviator","article_modified_time":"2026-01-27T09:40:05+00:00","twitter_card":"summary_large_image","schema":{"@context":"https:\/\/schema.org","@graph":[{"@type":"WebPage","@id":"https:\/\/aviator.africa\/fr-ci\/aviator-game-app-download\/","url":"https:\/\/aviator.africa\/fr-ci\/aviator-game-app-download\/","name":"Aviator t\u00e9l\u00e9charger | Installation Rapide \u261b Jouez XOF","isPartOf":{"@id":"https:\/\/aviator.africa\/#website"},"datePublished":"2026-01-21T14:08:38+00:00","dateModified":"2026-01-27T09:40:05+00:00","description":"Faites Aviator t\u00e9l\u00e9charger \u21d2 T\u00e9l\u00e9chargement s\u00e9curis\u00e9, jeu rapide & paiements XOF \u1409 Lancez-vous maintenant et jouez en C\u00f4te d\u2019Ivoire !","breadcrumb":{"@id":"https:\/\/aviator.africa\/fr-ci\/aviator-game-app-download\/#breadcrumb"},"inLanguage":"fr-CI","potentialAction":[{"@type":"ReadAction","target":["https:\/\/aviator.africa\/fr-ci\/aviator-game-app-download\/"]}]},{"@type":"BreadcrumbList","@id":"https:\/\/aviator.africa\/fr-ci\/aviator-game-app-download\/#breadcrumb","itemListElement":[{"@type":"ListItem","position":1,"name":"Home","item":"https:\/\/aviator.africa\/fr-ci\/"},{"@type":"ListItem","position":2,"name":"Aviator t\u00e9l\u00e9charger"}]},{"@type":"WebSite","@id":"https:\/\/aviator.africa\/#website","url":"https:\/\/aviator.africa\/","name":"aviator","description":"","potentialAction":[{"@type":"SearchAction","target":{"@type":"EntryPoint","urlTemplate":"https:\/\/aviator.africa\/?s={search_term_string}"},"query-input":{"@type":"PropertyValueSpecification","valueRequired":true,"valueName":"search_term_string"}}],"inLanguage":"fr-CI"}]}},"_links":{"self":[{"href":"https:\/\/aviator.africa\/fr-ci\/wp-json\/wp\/v2\/pages\/1526","targetHints":{"allow":["GET"]}}],"collection":[{"href":"https:\/\/aviator.africa\/fr-ci\/wp-json\/wp\/v2\/pages"}],"about":[{"href":"https:\/\/aviator.africa\/fr-ci\/wp-json\/wp\/v2\/types\/page"}],"author":[{"embeddable":true,"href":"https:\/\/aviator.africa\/fr-ci\/wp-json\/wp\/v2\/users\/1"}],"replies":[{"embeddable":true,"href":"https:\/\/aviator.africa\/fr-ci\/wp-json\/wp\/v2\/comments?post=1526"}],"version-history":[{"count":11,"href":"https:\/\/aviator.africa\/fr-ci\/wp-json\/wp\/v2\/pages\/1526\/revisions"}],"predecessor-version":[{"id":1927,"href":"https:\/\/aviator.africa\/fr-ci\/wp-json\/wp\/v2\/pages\/1526\/revisions\/1927"}],"wp:attachment":[{"href":"https:\/\/aviator.africa\/fr-ci\/wp-json\/wp\/v2\/media?parent=1526"}],"curies":[{"name":"wp","href":"https:\/\/api.w.org\/{rel}","templated":true}]}}